{"id":192,"date":"2021-10-29T23:49:32","date_gmt":"2021-10-29T21:49:32","guid":{"rendered":"https:\/\/www.bernardgauthier-cognac.com\/?page_id=192"},"modified":"2022-01-26T15:55:25","modified_gmt":"2022-01-26T14:55:25","slug":"mentions-legales","status":"publish","type":"page","link":"https:\/\/www.bernardgauthier-cognac.com\/fr\/mentions-legales\/","title":{"rendered":"Mentions l\u00e9gales"},"content":{"rendered":"\t\t<div data-elementor-type=\"wp-page\" data-elementor-id=\"192\" class=\"elementor elementor-192\" data-elementor-settings=\"[]\">\n\t\t\t\t\t\t\t<div class=\"elementor-section-wrap\">\n\t\t\t\t\t\t\t<section class=\"elementor-section elementor-top-section elementor-element elementor-element-6d847f06 elementor-section-boxed elementor-section-height-default elementor-section-height-default\" data-id=\"6d847f06\" data-element_type=\"section\" data-settings=\"{&quot;background_background&quot;:&quot;classic&quot;}\">\n\t\t\t\t\t\t<div class=\"elementor-container elementor-column-gap-wide\">\n\t\t\t\t\t<div class=\"elementor-column elementor-col-100 elementor-top-column elementor-element elementor-element-5f0644b7\" data-id=\"5f0644b7\" data-element_type=\"column\" data-settings=\"{&quot;background_background&quot;:&quot;classic&quot;}\">\n\t\t\t<div class=\"elementor-widget-wrap elementor-element-populated\">\n\t\t\t\t\t\t\t\t<div class=\"elementor-element elementor-element-110a7 elementor-widget elementor-widget-spacer\" data-id=\"110a7\" data-element_type=\"widget\" data-widget_type=\"spacer.default\">\n\t\t\t\t<div class=\"elementor-widget-container\">\n\t\t\t\t\t<div class=\"elementor-spacer\">\n\t\t\t<div class=\"elementor-spacer-inner\"><\/div>\n\t\t<\/div>\n\t\t\t\t<\/div>\n\t\t\t\t<\/div>\n\t\t\t\t<div class=\"elementor-element elementor-element-b5a1c27 elementor-widget elementor-widget-heading\" data-id=\"b5a1c27\" data-element_type=\"widget\" data-widget_type=\"heading.default\">\n\t\t\t\t<div class=\"elementor-widget-container\">\n\t\t\t<style>\/*! elementor - v3.5.5 - 03-02-2022 *\/\n.elementor-heading-title{padding:0;margin:0;line-height:1}.elementor-widget-heading .elementor-heading-title[class*=elementor-size-]>a{color:inherit;font-size:inherit;line-height:inherit}.elementor-widget-heading .elementor-heading-title.elementor-size-small{font-size:15px}.elementor-widget-heading .elementor-heading-title.elementor-size-medium{font-size:19px}.elementor-widget-heading .elementor-heading-title.elementor-size-large{font-size:29px}.elementor-widget-heading .elementor-heading-title.elementor-size-xl{font-size:39px}.elementor-widget-heading .elementor-heading-title.elementor-size-xxl{font-size:59px}<\/style><div class=\"elementor-heading-title elementor-size-default\">Bernard Gauthier & Fils<\/div>\t\t<\/div>\n\t\t\t\t<\/div>\n\t\t\t\t<div class=\"elementor-element elementor-element-2316173a elementor-widget__width-initial elementor-widget elementor-widget-heading\" data-id=\"2316173a\" data-element_type=\"widget\" data-widget_type=\"heading.default\">\n\t\t\t\t<div class=\"elementor-widget-container\">\n\t\t\t<h1 class=\"elementor-heading-title elementor-size-default\">Mentions l\u00e9gales<\/h1>\t\t<\/div>\n\t\t\t\t<\/div>\n\t\t\t\t<div class=\"elementor-element elementor-element-b60f4d6 elementor-widget elementor-widget-spacer\" data-id=\"b60f4d6\" data-element_type=\"widget\" data-widget_type=\"spacer.default\">\n\t\t\t\t<div class=\"elementor-widget-container\">\n\t\t\t\t\t<div class=\"elementor-spacer\">\n\t\t\t<div class=\"elementor-spacer-inner\"><\/div>\n\t\t<\/div>\n\t\t\t\t<\/div>\n\t\t\t\t<\/div>\n\t\t\t\t\t<\/div>\n\t\t<\/div>\n\t\t\t\t\t\t\t<\/div>\n\t\t<\/section>\n\t\t\t\t<section class=\"elementor-section elementor-top-section elementor-element elementor-element-19418691 elementor-section-content-middle elementor-section-boxed elementor-section-height-default elementor-section-height-default\" data-id=\"19418691\" data-element_type=\"section\" data-settings=\"{&quot;background_background&quot;:&quot;classic&quot;}\">\n\t\t\t\t\t\t<div class=\"elementor-container elementor-column-gap-wide\">\n\t\t\t\t\t<div class=\"elementor-column elementor-col-100 elementor-top-column elementor-element elementor-element-2cd9f22\" data-id=\"2cd9f22\" data-element_type=\"column\">\n\t\t\t<div class=\"elementor-widget-wrap elementor-element-populated\">\n\t\t\t\t\t\t\t\t<div class=\"elementor-element elementor-element-5e85239 elementor-widget elementor-widget-heading\" data-id=\"5e85239\" data-element_type=\"widget\" data-widget_type=\"heading.default\">\n\t\t\t\t<div class=\"elementor-widget-container\">\n\t\t\t<h2 class=\"elementor-heading-title elementor-size-default\">Informations \u00e9ditoriales<\/h2>\t\t<\/div>\n\t\t\t\t<\/div>\n\t\t\t\t<div class=\"elementor-element elementor-element-44efcb0 elementor-widget elementor-widget-heading\" data-id=\"44efcb0\" data-element_type=\"widget\" data-widget_type=\"heading.default\">\n\t\t\t\t<div class=\"elementor-widget-container\">\n\t\t\t<div class=\"elementor-heading-title elementor-size-default\">\u00c9diteur<\/div>\t\t<\/div>\n\t\t\t\t<\/div>\n\t\t\t\t<div class=\"elementor-element elementor-element-b066525 elementor-widget elementor-widget-text-editor\" data-id=\"b066525\" data-element_type=\"widget\" data-widget_type=\"text-editor.default\">\n\t\t\t\t<div class=\"elementor-widget-container\">\n\t\t\t<style>\/*! elementor - v3.5.5 - 03-02-2022 *\/\n.elementor-widget-text-editor.elementor-drop-cap-view-stacked .elementor-drop-cap{background-color:#818a91;color:#fff}.elementor-widget-text-editor.elementor-drop-cap-view-framed .elementor-drop-cap{color:#818a91;border:3px solid;background-color:transparent}.elementor-widget-text-editor:not(.elementor-drop-cap-view-default) .elementor-drop-cap{margin-top:8px}.elementor-widget-text-editor:not(.elementor-drop-cap-view-default) .elementor-drop-cap-letter{width:1em;height:1em}.elementor-widget-text-editor .elementor-drop-cap{float:left;text-align:center;line-height:1;font-size:50px}.elementor-widget-text-editor .elementor-drop-cap-letter{display:inline-block}<\/style>\t\t\t\t<p><strong>Bernard Gauthier &amp; Fils EARL<\/strong><br \/>13 Chez Nadaud 16120 Bellevigne &#8211; France<br \/>T\u00e9l : +33 (0)5 45 97 53 19<br \/>Mail : <a title=\"Contact\" href=\"https:\/\/www.bernardgauthier-cognac.com\/fr\/contact\/\">consulter la page Contact<\/a><br \/>Directeur de la publication\u00a0: Vincent Gauthier<\/p>\t\t\t\t\t\t<\/div>\n\t\t\t\t<\/div>\n\t\t\t\t<div class=\"elementor-element elementor-element-e2095af elementor-widget elementor-widget-heading\" data-id=\"e2095af\" data-element_type=\"widget\" data-widget_type=\"heading.default\">\n\t\t\t\t<div class=\"elementor-widget-container\">\n\t\t\t<div class=\"elementor-heading-title elementor-size-default\">R\u00e9alisation du site<\/div>\t\t<\/div>\n\t\t\t\t<\/div>\n\t\t\t\t<div class=\"elementor-element elementor-element-f63d9b5 elementor-widget elementor-widget-text-editor\" data-id=\"f63d9b5\" data-element_type=\"widget\" data-widget_type=\"text-editor.default\">\n\t\t\t\t<div class=\"elementor-widget-container\">\n\t\t\t\t\t\t\t<p><strong>Webo Z\u00e9nith<\/strong><br \/>74 rue de la petite Champagne 17520 Germignac<br \/>T\u00e9l : 06 76 94 79 32<br \/><a href=\"https:\/\/www.webozenith.com\/\" target=\"_blank\" rel=\"noopener\">www.webozenith.com<\/a><\/p>\t\t\t\t\t\t<\/div>\n\t\t\t\t<\/div>\n\t\t\t\t<div class=\"elementor-element elementor-element-e1c6e3b elementor-widget elementor-widget-heading\" data-id=\"e1c6e3b\" data-element_type=\"widget\" data-widget_type=\"heading.default\">\n\t\t\t\t<div class=\"elementor-widget-container\">\n\t\t\t<div class=\"elementor-heading-title elementor-size-default\">Cr\u00e9dits photos<\/div>\t\t<\/div>\n\t\t\t\t<\/div>\n\t\t\t\t<div class=\"elementor-element elementor-element-1814ad1 elementor-widget elementor-widget-text-editor\" data-id=\"1814ad1\" data-element_type=\"widget\" data-widget_type=\"text-editor.default\">\n\t\t\t\t<div class=\"elementor-widget-container\">\n\t\t\t\t\t\t\t<p>Toutes les photos diffus\u00e9es sur ce site sont la propri\u00e9t\u00e9 de <strong>Bernard Gauthier &amp; Fils EARL<\/strong> ou utilis\u00e9es avec l\u2019accord de leurs auteurs.<br \/>\u00a9 Copyright <strong>Bernard Gauthier &amp; Fils EARL<\/strong><\/p>\t\t\t\t\t\t<\/div>\n\t\t\t\t<\/div>\n\t\t\t\t<div class=\"elementor-element elementor-element-e91bb47 elementor-widget elementor-widget-heading\" data-id=\"e91bb47\" data-element_type=\"widget\" data-widget_type=\"heading.default\">\n\t\t\t\t<div class=\"elementor-widget-container\">\n\t\t\t<div class=\"elementor-heading-title elementor-size-default\">H\u00e9bergeur<\/div>\t\t<\/div>\n\t\t\t\t<\/div>\n\t\t\t\t<div class=\"elementor-element elementor-element-783ca20 elementor-widget elementor-widget-text-editor\" data-id=\"783ca20\" data-element_type=\"widget\" data-widget_type=\"text-editor.default\">\n\t\t\t\t<div class=\"elementor-widget-container\">\n\t\t\t\t\t\t\t<p><strong>Infomaniak<\/strong><br \/>1227 Gen\u00e8ve, Suisse<br \/><a href=\"https:\/\/www.infomaniak.com\/\" target=\"_blank\" rel=\"noopener\">www.infomaniak.com<\/a><\/p>\t\t\t\t\t\t<\/div>\n\t\t\t\t<\/div>\n\t\t\t\t\t<\/div>\n\t\t<\/div>\n\t\t\t\t\t\t\t<\/div>\n\t\t<\/section>\n\t\t\t\t<section class=\"elementor-section elementor-top-section elementor-element elementor-element-bee459e elementor-section-content-middle elementor-section-boxed elementor-section-height-default elementor-section-height-default\" data-id=\"bee459e\" data-element_type=\"section\">\n\t\t\t\t\t\t<div class=\"elementor-container elementor-column-gap-wide\">\n\t\t\t\t\t<div class=\"elementor-column elementor-col-100 elementor-top-column elementor-element elementor-element-273920f\" data-id=\"273920f\" data-element_type=\"column\">\n\t\t\t<div class=\"elementor-widget-wrap elementor-element-populated\">\n\t\t\t\t\t\t\t\t<div class=\"elementor-element elementor-element-e934c8e elementor-widget elementor-widget-heading\" data-id=\"e934c8e\" data-element_type=\"widget\" data-widget_type=\"heading.default\">\n\t\t\t\t<div class=\"elementor-widget-container\">\n\t\t\t<h2 class=\"elementor-heading-title elementor-size-default\">Propri\u00e9t\u00e9 intellectuelle<\/h2>\t\t<\/div>\n\t\t\t\t<\/div>\n\t\t\t\t<div class=\"elementor-element elementor-element-facade6 elementor-widget elementor-widget-text-editor\" data-id=\"facade6\" data-element_type=\"widget\" data-widget_type=\"text-editor.default\">\n\t\t\t\t<div class=\"elementor-widget-container\">\n\t\t\t\t\t\t\t<p>Tout le contenu du pr\u00e9sent site, incluant, de fa\u00e7on non limitative, les graphismes, images, textes, vid\u00e9os, animations, logos et ic\u00f4nes ainsi que leur mise en forme sont la propri\u00e9t\u00e9 exclusive de <strong>Bernard Gauthier &amp; Fils EARL<\/strong> \u00e0 l\u2019exception des marques, logos ou contenus appartenant \u00e0 d\u2019autres soci\u00e9t\u00e9s partenaires ou auteurs.<br \/>Aucune reproduction de ce document, m\u00eame partielle, autre que celles pr\u00e9vues \u00e0 l\u2019article L 122-5 du Code de la propri\u00e9t\u00e9 intellectuelle, ne peut \u00eatre faite sans l\u2019autorisation expresse de <strong>Bernard Gauthier &amp; Fils EARL<\/strong>, conform\u00e9ment aux articles L 111-1, L 122-1 et L 122-4 du CPI.<\/p>\t\t\t\t\t\t<\/div>\n\t\t\t\t<\/div>\n\t\t\t\t<div class=\"elementor-element elementor-element-0974f35 elementor-widget elementor-widget-heading\" data-id=\"0974f35\" data-element_type=\"widget\" data-widget_type=\"heading.default\">\n\t\t\t\t<div class=\"elementor-widget-container\">\n\t\t\t<h2 class=\"elementor-heading-title elementor-size-default\">Protection et traitement de donn\u00e9es \u00e0 caract\u00e8re personnel<\/h2>\t\t<\/div>\n\t\t\t\t<\/div>\n\t\t\t\t<div class=\"elementor-element elementor-element-d74b3de elementor-widget elementor-widget-text-editor\" data-id=\"d74b3de\" data-element_type=\"widget\" data-widget_type=\"text-editor.default\">\n\t\t\t\t<div class=\"elementor-widget-container\">\n\t\t\t\t\t\t\t<p><strong>Bernard Gauthier &amp; Fils EARL<\/strong> s\u2019engage \u00e0 respecter les dispositions de la loi n\u00b078-17 du 6 janvier 1978 relative \u00e0 l\u2019informatique, aux fichiers et aux libert\u00e9s modifi\u00e9es et au R\u00e8glement (UE) 2016\/679 du Parlement europ\u00e9en et du Conseil du 27 avril 2016 dit \u00ab RGPD \u00bb et prendre toute pr\u00e9caution n\u00e9cessaire pour pr\u00e9server la s\u00e9curit\u00e9 des informations nominatives confi\u00e9es.<\/p>\t\t\t\t\t\t<\/div>\n\t\t\t\t<\/div>\n\t\t\t\t<div class=\"elementor-element elementor-element-4fa5b93a elementor-widget elementor-widget-premium-addon-button\" data-id=\"4fa5b93a\" data-element_type=\"widget\" data-widget_type=\"premium-addon-button.default\">\n\t\t\t\t<div class=\"elementor-widget-container\">\n\t\t\t\n\n\t\t<a class=\"premium-button premium-button-style1 premium-btn-md premium-button-style1-bottom\" href=\"https:\/\/www.bernardgauthier-cognac.com\/fr\/politique-de-confidentialite\/\">\n\t\t\t<div class=\"premium-button-text-icon-wrapper\">\n\t\t\t\t\t\t\t\t<span >\n\t\t\t\t\tPolitique de confidentialit\u00e9\t\t\t\t<\/span>\n\t\t\t\t\t\t\t<\/div>\n\t\t\t\t\t\t\t\t<\/a>\n\n\n\t\t\t\t<\/div>\n\t\t\t\t<\/div>\n\t\t\t\t\t<\/div>\n\t\t<\/div>\n\t\t\t\t\t\t\t<\/div>\n\t\t<\/section>\n\t\t\t\t<section class=\"elementor-section elementor-top-section elementor-element elementor-element-7b8081c elementor-section-content-middle elementor-section-boxed elementor-section-height-default elementor-section-height-default\" data-id=\"7b8081c\" data-element_type=\"section\" data-settings=\"{&quot;background_background&quot;:&quot;classic&quot;}\">\n\t\t\t\t\t\t<div class=\"elementor-container elementor-column-gap-wide\">\n\t\t\t\t\t<div class=\"elementor-column elementor-col-100 elementor-top-column elementor-element elementor-element-6fd8497\" data-id=\"6fd8497\" data-element_type=\"column\">\n\t\t\t<div class=\"elementor-widget-wrap elementor-element-populated\">\n\t\t\t\t\t\t\t\t<div class=\"elementor-element elementor-element-b09e5f4 elementor-widget elementor-widget-heading\" data-id=\"b09e5f4\" data-element_type=\"widget\" data-widget_type=\"heading.default\">\n\t\t\t\t<div class=\"elementor-widget-container\">\n\t\t\t<h2 class=\"elementor-heading-title elementor-size-default\">Cookies<\/h2>\t\t<\/div>\n\t\t\t\t<\/div>\n\t\t\t\t<div class=\"elementor-element elementor-element-3a9b215 elementor-widget elementor-widget-text-editor\" data-id=\"3a9b215\" data-element_type=\"widget\" data-widget_type=\"text-editor.default\">\n\t\t\t\t<div class=\"elementor-widget-container\">\n\t\t\t\t\t\t\t<div class=\"elementor-element elementor-element-4e82432 elementor-widget elementor-widget-text-editor\" data-id=\"4e82432\" data-element_type=\"widget\" data-widget_type=\"text-editor.default\"><div class=\"elementor-widget-container\"><div class=\"elementor-text-editor elementor-clearfix\"><p><strong>Pour assurer le bon fonctionnement de nos services, le pr\u00e9sent site utilise des cookies.<\/strong><br \/>Un cookie est un fichier enregistr\u00e9 par votre logiciel navigateur sur le disque dur de votre terminal (PC, tablette, smartphone) lors de la consultation d\u2019un site Web. Un fichier cookie permet au serveur d\u2019identifier le terminal (PC, tablette, Smartphone) dans lequel il est enregistr\u00e9, pendant la dur\u00e9e de validit\u00e9 ou d\u2019enregistrement dudit cookie.<\/p><p><strong>En tant qu\u2019utilisateur, vous pouvez d\u00e9cider \u00e0 tout moment d\u2019accepter ou non d\u2019enregistrer les fichiers cookies sur votre terminal.<\/strong><br \/>Vous pouvez bloquer l\u2019installation de cookies sur votre ordinateur ou autre dispositif en modifiant le param\u00e9trage de votre navigateur. Nous vous rappelons que le param\u00e9trage est susceptible de modifier vos conditions d\u2019acc\u00e8s \u00e0 nos contenus et services n\u00e9cessitant l\u2019utilisation de cookies. Si votre navigateur est configur\u00e9 de mani\u00e8re \u00e0 refuser l\u2019ensemble des cookies, vous ne pourrez pas profiter d\u2019une partie de nos services.<\/p><p><strong>Pour s\u2019opposer \u00e0 l\u2019enregistrement de cookies, suivre le mode op\u00e9ratoire disponible ci-dessous :<\/strong><\/p><\/div><\/div><\/div>\t\t\t\t\t\t<\/div>\n\t\t\t\t<\/div>\n\t\t\t\t<section class=\"elementor-section elementor-inner-section elementor-element elementor-element-3f61e9f elementor-section-boxed elementor-section-height-default elementor-section-height-default\" data-id=\"3f61e9f\" data-element_type=\"section\">\n\t\t\t\t\t\t<div class=\"elementor-container elementor-column-gap-default\">\n\t\t\t\t\t<div class=\"elementor-column elementor-col-25 elementor-inner-column elementor-element elementor-element-a7413bb\" data-id=\"a7413bb\" data-element_type=\"column\">\n\t\t\t<div class=\"elementor-widget-wrap elementor-element-populated\">\n\t\t\t\t\t\t\t\t<div class=\"elementor-element elementor-element-2ba7931 elementor-widget elementor-widget-premium-addon-button\" data-id=\"2ba7931\" data-element_type=\"widget\" data-widget_type=\"premium-addon-button.default\">\n\t\t\t\t<div class=\"elementor-widget-container\">\n\t\t\t\n\n\t\t<a class=\"premium-button premium-button-style1 premium-btn-sm premium-button-style1-bottom\" href=\"https:\/\/support.google.com\/chrome\/answer\/95647?co=GENIE.Platform%3DDesktop&#038;hl=fr\" target=\"_blank\" rel=\"nofollow\">\n\t\t\t<div class=\"premium-button-text-icon-wrapper\">\n\t\t\t\t\t\t\t\t\t\t\t\t\t\t\t\t\t\t\t\t\t\t<i aria-hidden=\"true\" class=\"fab fa-chrome\"><\/i>\t\t\t\t\t\t\t\t\t\t\t\t\t\t\t\t\t\t\t<span >\n\t\t\t\t\tChrome\t\t\t\t<\/span>\n\t\t\t\t\t\t\t\t\t\t\t\t\t\t\t\t<\/div>\n\t\t\t\t\t\t\t\t<\/a>\n\n\n\t\t\t\t<\/div>\n\t\t\t\t<\/div>\n\t\t\t\t\t<\/div>\n\t\t<\/div>\n\t\t\t\t<div class=\"elementor-column elementor-col-25 elementor-inner-column elementor-element elementor-element-31baab5\" data-id=\"31baab5\" data-element_type=\"column\">\n\t\t\t<div class=\"elementor-widget-wrap elementor-element-populated\">\n\t\t\t\t\t\t\t\t<div class=\"elementor-element elementor-element-5e93824 elementor-widget elementor-widget-premium-addon-button\" data-id=\"5e93824\" data-element_type=\"widget\" data-widget_type=\"premium-addon-button.default\">\n\t\t\t\t<div class=\"elementor-widget-container\">\n\t\t\t\n\n\t\t<a class=\"premium-button premium-button-style1 premium-btn-sm premium-button-style1-bottom\" href=\"https:\/\/support.mozilla.org\/fr\/kb\/empecher-sites-enregistrer-preferences\" target=\"_blank\" rel=\"nofollow\">\n\t\t\t<div class=\"premium-button-text-icon-wrapper\">\n\t\t\t\t\t\t\t\t\t\t\t\t\t\t\t\t\t\t\t\t\t\t<i aria-hidden=\"true\" class=\"fab fa-firefox\"><\/i>\t\t\t\t\t\t\t\t\t\t\t\t\t\t\t\t\t\t\t<span >\n\t\t\t\t\tFirefox\t\t\t\t<\/span>\n\t\t\t\t\t\t\t\t\t\t\t\t\t\t\t\t<\/div>\n\t\t\t\t\t\t\t\t<\/a>\n\n\n\t\t\t\t<\/div>\n\t\t\t\t<\/div>\n\t\t\t\t\t<\/div>\n\t\t<\/div>\n\t\t\t\t<div class=\"elementor-column elementor-col-25 elementor-inner-column elementor-element elementor-element-8a41a5b\" data-id=\"8a41a5b\" data-element_type=\"column\">\n\t\t\t<div class=\"elementor-widget-wrap elementor-element-populated\">\n\t\t\t\t\t\t\t\t<div class=\"elementor-element elementor-element-d698cb2 elementor-widget elementor-widget-premium-addon-button\" data-id=\"d698cb2\" data-element_type=\"widget\" data-widget_type=\"premium-addon-button.default\">\n\t\t\t\t<div class=\"elementor-widget-container\">\n\t\t\t\n\n\t\t<a class=\"premium-button premium-button-style1 premium-btn-sm premium-button-style1-bottom\" href=\"https:\/\/support.microsoft.com\/fr-fr\/help\/17442\/windows-internet-explorer-delete-manage-cookies\" target=\"_blank\" rel=\"nofollow\">\n\t\t\t<div class=\"premium-button-text-icon-wrapper\">\n\t\t\t\t\t\t\t\t\t\t\t\t\t\t\t\t\t\t\t\t\t\t<i aria-hidden=\"true\" class=\"fab fa-internet-explorer\"><\/i>\t\t\t\t\t\t\t\t\t\t\t\t\t\t\t\t\t\t\t<span >\n\t\t\t\t\tInternet Explorer\t\t\t\t<\/span>\n\t\t\t\t\t\t\t\t\t\t\t\t\t\t\t\t<\/div>\n\t\t\t\t\t\t\t\t<\/a>\n\n\n\t\t\t\t<\/div>\n\t\t\t\t<\/div>\n\t\t\t\t\t<\/div>\n\t\t<\/div>\n\t\t\t\t<div class=\"elementor-column elementor-col-25 elementor-inner-column elementor-element elementor-element-76ec75d\" data-id=\"76ec75d\" data-element_type=\"column\">\n\t\t\t<div class=\"elementor-widget-wrap elementor-element-populated\">\n\t\t\t\t\t\t\t\t<div class=\"elementor-element elementor-element-9043703 elementor-widget elementor-widget-premium-addon-button\" data-id=\"9043703\" data-element_type=\"widget\" data-widget_type=\"premium-addon-button.default\">\n\t\t\t\t<div class=\"elementor-widget-container\">\n\t\t\t\n\n\t\t<a class=\"premium-button premium-button-style1 premium-btn-sm premium-button-style1-bottom\" href=\"https:\/\/support.apple.com\/fr-fr\/guide\/safari\/sfri11471\/mac\" target=\"_blank\" rel=\"nofollow\">\n\t\t\t<div class=\"premium-button-text-icon-wrapper\">\n\t\t\t\t\t\t\t\t\t\t\t\t\t\t\t\t\t\t\t\t\t\t<i aria-hidden=\"true\" class=\"fab fa-safari\"><\/i>\t\t\t\t\t\t\t\t\t\t\t\t\t\t\t\t\t\t\t<span >\n\t\t\t\t\tSafari\t\t\t\t<\/span>\n\t\t\t\t\t\t\t\t\t\t\t\t\t\t\t\t<\/div>\n\t\t\t\t\t\t\t\t<\/a>\n\n\n\t\t\t\t<\/div>\n\t\t\t\t<\/div>\n\t\t\t\t\t<\/div>\n\t\t<\/div>\n\t\t\t\t\t\t\t<\/div>\n\t\t<\/section>\n\t\t\t\t\t<\/div>\n\t\t<\/div>\n\t\t\t\t\t\t\t<\/div>\n\t\t<\/section>\n\t\t\t\t\t\t<\/div>\n\t\t\t\t\t<\/div>\n\t\t","protected":false},"excerpt":{"rendered":"<p>Bernard Gauthier &#038; Fils Mentions l\u00e9gales Informations \u00e9ditoriales \u00c9diteur Bernard Gauthier &amp; Fils EARL13 Chez Nadaud 16120 Bellevigne &#8211; FranceT\u00e9l : +33 (0)5 45 97 53 19Mail : consulter la page ContactDirecteur de la publication\u00a0: Vincent Gauthier R\u00e9alisation du site Webo Z\u00e9nith74 rue de la petite Champagne 17520 GermignacT\u00e9l : 06 76 94 79 32www.webozenith.com [&hellip;]<\/p>\n","protected":false},"author":2208,"featured_media":0,"parent":0,"menu_order":0,"comment_status":"closed","ping_status":"closed","template":"elementor_header_footer","meta":[],"_links":{"self":[{"href":"https:\/\/www.bernardgauthier-cognac.com\/fr\/wp-json\/wp\/v2\/pages\/192"}],"collection":[{"href":"https:\/\/www.bernardgauthier-cognac.com\/fr\/wp-json\/wp\/v2\/pages"}],"about":[{"href":"https:\/\/www.bernardgauthier-cognac.com\/fr\/wp-json\/wp\/v2\/types\/page"}],"author":[{"embeddable":true,"href":"https:\/\/www.bernardgauthier-cognac.com\/fr\/wp-json\/wp\/v2\/users\/2208"}],"replies":[{"embeddable":true,"href":"https:\/\/www.bernardgauthier-cognac.com\/fr\/wp-json\/wp\/v2\/comments?post=192"}],"version-history":[{"count":0,"href":"https:\/\/www.bernardgauthier-cognac.com\/fr\/wp-json\/wp\/v2\/pages\/192\/revisions"}],"wp:attachment":[{"href":"https:\/\/www.bernardgauthier-cognac.com\/fr\/wp-json\/wp\/v2\/media?parent=192"}],"curies":[{"name":"wp","href":"https:\/\/api.w.org\/{rel}","templated":true}]}}